{"id":6794,"date":"2025-09-08T03:01:22","date_gmt":"2025-09-08T01:01:22","guid":{"rendered":"http:\/\/airsoftspecialisten.admaxstage.com\/?post_type=product&#038;p=6794"},"modified":"2025-12-18T20:02:09","modified_gmt":"2025-12-18T19:02:09","slug":"automatik-bb-speedloader-1300bb","status":"publish","type":"product","link":"https:\/\/airsoftspecialisten.admaxstage.com\/en\/shop\/ammunition-drivmedel\/snabbladdare\/automatik-bb-speedloader-1300bb\/","title":{"rendered":"Automatic Speedloader 1300BB"},"content":{"rendered":"<p>Product description<br \/>\nThis Laylax Automatik BB speedloader is the perfect way to fill multiple magazines in quick succession. It has a capacity of no less than 1300 BBs, allowing you to fill up to eight 150 BB magazines in an instant. The speedloader requires four AAA batteries and is made of synthetic material.<\/p>\n<p>How does it work?<br \/>\nBy removing the upper part of the Laylax Automatik BB speedloader, you can access the main compartment. That compartment has, as we mentioned before, a filling capacity of 1300 BBs. Once you've filled the speedloader, you can put the top part back. Make sure to push it down completely. You can then place a compatible magazine on top of the speedloader. The speedloader comes with four different adapters (AEG, MWS, GBB pistols and sniper rifles), which can be used to attach different types of magazines. Place the magazine on the feed wheel made of self-lubricating POM (polyoxymethylene) and push it in gently. The motor of the Laylax Automatic BB speedloader starts and automatically starts loading the BBs into the magazine. As soon as the magazine is full, the speedloader automatically stops feeding to prevent BBs from spilling out.<\/p>\n<p>Safety mode<br \/>\nThe speedloader has a safety mode that prevents the feed mechanism from being pushed in. The feed mechanism cannot be covered, but you can pull up the top of the speedloader slightly. This will lift the top part over the feed mechanism, preventing it from being accidentally pushed in. This allows you to transport the Laylax Automatik BB speedloader safely without BBs spilling everywhere.<\/p>","protected":false},"excerpt":{"rendered":"<p>Produktbeskrivning Denna Laylax Automatik BB speedloader \u00e4r det perfekta s\u00e4ttet att fylla flera magasin i snabb f\u00f6ljd. Den har en kapacitet p\u00e5 inte mindre \u00e4n 1300 BB-kulor, vilket g\u00f6r att du kan fylla upp till \u00e5tta 150 BB-magasin p\u00e5 ett \u00f6gonblick. Speedloadern kr\u00e4ver fyra AAA-batterier och \u00e4r tillverkad av syntetmaterial. Hur fungerar den? Genom att [&hellip;]<\/p>","protected":false},"featured_media":6795,"comment_status":"closed","ping_status":"closed","template":"","meta":[],"product_brand":[1416],"product_cat":[101,38],"product_tag":[1417,1419,771,1418,816],"class_list":{"0":"post-6794","1":"product","2":"type-product","3":"status-publish","4":"has-post-thumbnail","6":"product_brand-laylax","7":"product_cat-snabbladdare","8":"product_cat-ammunition-drivmedel","9":"product_tag-1300bb","10":"product_tag-automatik","11":"product_tag-laylax","12":"product_tag-snabbladare","13":"product_tag-speedloader","14":"product_shipping_class-1-3-arbetsdagar","16":"first","17":"instock","18":"taxable","19":"shipping-taxable","20":"purchasable","21":"product-type-simple","22":"add-to-wishlist-before_image"},"_links":{"self":[{"href":"https:\/\/airsoftspecialisten.admaxstage.com\/en\/wp-json\/wp\/v2\/product\/6794","targetHints":{"allow":["GET"]}}],"collection":[{"href":"https:\/\/airsoftspecialisten.admaxstage.com\/en\/wp-json\/wp\/v2\/product"}],"about":[{"href":"https:\/\/airsoftspecialisten.admaxstage.com\/en\/wp-json\/wp\/v2\/types\/product"}],"replies":[{"embeddable":true,"href":"https:\/\/airsoftspecialisten.admaxstage.com\/en\/wp-json\/wp\/v2\/comments?post=6794"}],"wp:featuredmedia":[{"embeddable":true,"href":"https:\/\/airsoftspecialisten.admaxstage.com\/en\/wp-json\/wp\/v2\/media\/6795"}],"wp:attachment":[{"href":"https:\/\/airsoftspecialisten.admaxstage.com\/en\/wp-json\/wp\/v2\/media?parent=6794"}],"wp:term":[{"taxonomy":"product_brand","embeddable":true,"href":"https:\/\/airsoftspecialisten.admaxstage.com\/en\/wp-json\/wp\/v2\/product_brand?post=6794"},{"taxonomy":"product_cat","embeddable":true,"href":"https:\/\/airsoftspecialisten.admaxstage.com\/en\/wp-json\/wp\/v2\/product_cat?post=6794"},{"taxonomy":"product_tag","embeddable":true,"href":"https:\/\/airsoftspecialisten.admaxstage.com\/en\/wp-json\/wp\/v2\/product_tag?post=6794"}],"curies":[{"name":"wp","href":"https:\/\/api.w.org\/{rel}","templated":true}]}}