{"id":6971,"date":"2025-11-15T21:26:11","date_gmt":"2025-11-15T20:26:11","guid":{"rendered":"http:\/\/airsoftspecialisten.admaxstage.com\/?post_type=product&#038;p=6971"},"modified":"2025-12-18T20:02:10","modified_gmt":"2025-12-18T19:02:10","slug":"o-rings-for-inlet-valves-5-pack","status":"publish","type":"product","link":"https:\/\/airsoftspecialisten.admaxstage.com\/en\/shop\/vapentillbehor-vapendelar\/interna-delar-gbb\/o-rings-for-inlet-valves-5-pack\/","title":{"rendered":"O-rings for Inlet valves 5 pack VFC, GHK, WE and KJW."},"content":{"rendered":"<p>N\u00e4r det bl\u00e5ser d\u00e4r det inte ska, \u00e4r det alltid ett problem!<\/p>\n<p>EPeS har f\u00f6rberett en upps\u00e4ttning t\u00e4tnings-O-ringar som \u00e4r exakt anpassade f\u00f6r att reparera eller byta ut den befintliga t\u00e4tningen.<\/p>\n<p><strong>I det h\u00e4r fallet \u00e4r det reservt\u00e4tningssatsen f\u00f6r inloppsventiler p\u00e5 GBB-vapen fr\u00e5n VFC, GHK, WE och KJW.<\/strong><\/p>\n<p>Ingen stress, var EPeS!<\/p>\n<p>&nbsp;<\/p>\n<p>O rings GBB<\/p>","protected":false},"excerpt":{"rendered":"<p>N\u00e4r det bl\u00e5ser d\u00e4r det inte ska, \u00e4r det alltid ett problem! EPeS har f\u00f6rberett en upps\u00e4ttning t\u00e4tnings-O-ringar som \u00e4r exakt anpassade f\u00f6r att reparera eller byta ut den befintliga t\u00e4tningen. I det h\u00e4r fallet \u00e4r det reservt\u00e4tningssatsen f\u00f6r inloppsventiler p\u00e5 GBB-vapen fr\u00e5n VFC, GHK, WE och KJW. Ingen stress, var EPeS! &nbsp; O rings [&hellip;]<\/p>","protected":false},"featured_media":6972,"comment_status":"closed","ping_status":"closed","template":"","meta":[],"product_brand":[1427],"product_cat":[39],"product_tag":[1428,290,514,1430,1429,643],"class_list":{"0":"post-6971","1":"product","2":"type-product","3":"status-publish","4":"has-post-thumbnail","6":"product_brand-epes","7":"product_cat-interna-delar-gbb","8":"product_tag-epes","9":"product_tag-gbb","10":"product_tag-o-ring","11":"product_tag-packning","12":"product_tag-ring","13":"product_tag-svart","14":"product_shipping_class-1-3-arbetsdagar","16":"first","17":"instock","18":"taxable","19":"shipping-taxable","20":"purchasable","21":"product-type-simple","22":"add-to-wishlist-before_image"},"_links":{"self":[{"href":"https:\/\/airsoftspecialisten.admaxstage.com\/en\/wp-json\/wp\/v2\/product\/6971","targetHints":{"allow":["GET"]}}],"collection":[{"href":"https:\/\/airsoftspecialisten.admaxstage.com\/en\/wp-json\/wp\/v2\/product"}],"about":[{"href":"https:\/\/airsoftspecialisten.admaxstage.com\/en\/wp-json\/wp\/v2\/types\/product"}],"replies":[{"embeddable":true,"href":"https:\/\/airsoftspecialisten.admaxstage.com\/en\/wp-json\/wp\/v2\/comments?post=6971"}],"wp:featuredmedia":[{"embeddable":true,"href":"https:\/\/airsoftspecialisten.admaxstage.com\/en\/wp-json\/wp\/v2\/media\/6972"}],"wp:attachment":[{"href":"https:\/\/airsoftspecialisten.admaxstage.com\/en\/wp-json\/wp\/v2\/media?parent=6971"}],"wp:term":[{"taxonomy":"product_brand","embeddable":true,"href":"https:\/\/airsoftspecialisten.admaxstage.com\/en\/wp-json\/wp\/v2\/product_brand?post=6971"},{"taxonomy":"product_cat","embeddable":true,"href":"https:\/\/airsoftspecialisten.admaxstage.com\/en\/wp-json\/wp\/v2\/product_cat?post=6971"},{"taxonomy":"product_tag","embeddable":true,"href":"https:\/\/airsoftspecialisten.admaxstage.com\/en\/wp-json\/wp\/v2\/product_tag?post=6971"}],"curies":[{"name":"wp","href":"https:\/\/api.w.org\/{rel}","templated":true}]}}