{"id":918,"date":"2019-07-03T21:39:28","date_gmt":"2019-07-03T21:39:28","guid":{"rendered":"https:\/\/www.airsoft.admaxstage.com\/?product=stti-mk23-nbb"},"modified":"2025-12-18T20:01:11","modified_gmt":"2025-12-18T19:01:11","slug":"stti-mk23-nbb","status":"publish","type":"product","link":"https:\/\/airsoftspecialisten.admaxstage.com\/en\/shop\/airsoftvapen\/pistoler\/stti-mk23-nbb\/","title":{"rendered":"STTI MK23 NBB"},"content":{"rendered":"<p>Very affordable gas gun perfect for those who like to sneak around behind enemy lines and shoot out the enemy without being detected.<\/p>\n<p>The silencer has an extension for the inner barrel mounted, which means that when you screw on the silencer, the gun shoots at a full 420fps, which corresponds to about 1.64j.<\/p>\n<p>The output speed may drop when shooting without the silencer on.<\/p>\n<p>As the gun has no blowback function, it doesn't make much noise at all and is very economical on the gas.<\/p>\n<p>The magazines hold 28 bullets and the gun comes with 1 magazine.<\/p>\n<p>NOTE! See the terms of purchase for Airsoft weapons before purchase.<\/p>\n<p>\u00a0<\/p>","protected":false},"excerpt":{"rendered":"<p>Mycket prisv\u00e4rd gas-pistol perfekt f\u00f6r den som gillar att smyga runt bakom fiendens linjer och skjuta ut fienden utan att bli uppt\u00e4ckt. I ljudd\u00e4mparen sitter en f\u00f6rl\u00e4ngning f\u00f6r innerpipan monterad vilket g\u00f6r att n\u00e4r du skruvar p\u00e5 ljudd\u00e4mparen s\u00e5 skjuter pistolen i hela 420fps vilket motsvarar ca 1.64j. Utg\u00e5ngshastigheten kan sjunka n\u00e4r man skjuter utan [&hellip;]<\/p>","protected":false},"featured_media":7603,"comment_status":"open","ping_status":"closed","template":"","meta":[],"product_brand":[],"product_cat":[46],"product_tag":[160,163,161,164,162],"class_list":{"0":"post-918","1":"product","2":"type-product","3":"status-publish","4":"has-post-thumbnail","6":"product_cat-pistoler","7":"product_tag-ljuddampare","8":"product_tag-mk23","9":"product_tag-silencer","10":"product_tag-stti","11":"product_tag-supressor","12":"product_shipping_class-1-3-arbetsdagar","14":"first","15":"instock","16":"taxable","17":"shipping-taxable","18":"purchasable","19":"product-type-simple","20":"add-to-wishlist-before_image"},"_links":{"self":[{"href":"https:\/\/airsoftspecialisten.admaxstage.com\/en\/wp-json\/wp\/v2\/product\/918","targetHints":{"allow":["GET"]}}],"collection":[{"href":"https:\/\/airsoftspecialisten.admaxstage.com\/en\/wp-json\/wp\/v2\/product"}],"about":[{"href":"https:\/\/airsoftspecialisten.admaxstage.com\/en\/wp-json\/wp\/v2\/types\/product"}],"replies":[{"embeddable":true,"href":"https:\/\/airsoftspecialisten.admaxstage.com\/en\/wp-json\/wp\/v2\/comments?post=918"}],"wp:featuredmedia":[{"embeddable":true,"href":"https:\/\/airsoftspecialisten.admaxstage.com\/en\/wp-json\/wp\/v2\/media\/7603"}],"wp:attachment":[{"href":"https:\/\/airsoftspecialisten.admaxstage.com\/en\/wp-json\/wp\/v2\/media?parent=918"}],"wp:term":[{"taxonomy":"product_brand","embeddable":true,"href":"https:\/\/airsoftspecialisten.admaxstage.com\/en\/wp-json\/wp\/v2\/product_brand?post=918"},{"taxonomy":"product_cat","embeddable":true,"href":"https:\/\/airsoftspecialisten.admaxstage.com\/en\/wp-json\/wp\/v2\/product_cat?post=918"},{"taxonomy":"product_tag","embeddable":true,"href":"https:\/\/airsoftspecialisten.admaxstage.com\/en\/wp-json\/wp\/v2\/product_tag?post=918"}],"curies":[{"name":"wp","href":"https:\/\/api.w.org\/{rel}","templated":true}]}}