{"id":950,"date":"2019-07-03T21:39:29","date_gmt":"2019-07-03T21:39:29","guid":{"rendered":"https:\/\/www.airsoft.admaxstage.com\/?product=aim-o-mro-qd-red-dot"},"modified":"2025-12-18T20:01:11","modified_gmt":"2025-12-18T19:01:11","slug":"1x25-miniature-rifle-reflex-sight-acm","status":"publish","type":"product","link":"https:\/\/airsoftspecialisten.admaxstage.com\/en\/shop\/vapentillbehor-vapendelar-2\/sikten-vapentillbehor-vapendelar-2\/1x25-miniature-rifle-reflex-sight-acm\/","title":{"rendered":"Aim-O MRO QD Red Dot"},"content":{"rendered":"<p class=\"content\" data-hook=\"product-page-description-content\">Red dot sight designed to be used on your rifle for faster aiming and more accurate shooting. <\/p>\n<p>Tactically designed with an elevation to help you assume your shooting position.<\/p>\n<p>Fits all standard Picatinny &amp; Weaver rails. <\/p>\n<p>Two different mounts are included, one high and one low, so that you can choose which height the sight should be at.<\/p>\n<p class=\"content\" data-hook=\"product-page-description-content\">The sight is powered by a CR2032 battery (not included).<br \/>Manufacturer: ACM<\/p>","protected":false},"excerpt":{"rendered":"<p>R\u00f6dpunktssikte designat f\u00f6r att anv\u00e4ndas p\u00e5 ditt gev\u00e4r f\u00f6r att kunna sikta snabbare och skjuta mer pricks\u00e4kert. Taktiskt utformad med en f\u00f6rh\u00f6jning f\u00f6r att du l\u00e4ttare skall kunna inta din skjutposition. Passar p\u00e5 alla standard Picatinny &amp; Weaver rails. Tv\u00e5 olika f\u00e4sten \u00e4r inkluderade, ett h\u00f6gt och ett l\u00e5gt f\u00f6r att du sj\u00e4lv skall kunna [&hellip;]<\/p>","protected":false},"featured_media":7621,"comment_status":"open","ping_status":"closed","template":"","meta":[],"product_brand":[],"product_cat":[1452],"product_tag":[175,174,173,177,176],"class_list":{"0":"post-950","1":"product","2":"type-product","3":"status-publish","4":"has-post-thumbnail","6":"product_cat-sikten-vapentillbehor-vapendelar-2","7":"product_tag-1x25mm","8":"product_tag-acm","9":"product_tag-red-dot-sight","10":"product_tag-rod-punkt","11":"product_tag-rodpunktssikte","12":"product_shipping_class-1-3-arbetsdagar","14":"first","15":"outofstock","16":"taxable","17":"shipping-taxable","18":"purchasable","19":"product-type-simple","20":"add-to-wishlist-before_image"},"_links":{"self":[{"href":"https:\/\/airsoftspecialisten.admaxstage.com\/en\/wp-json\/wp\/v2\/product\/950","targetHints":{"allow":["GET"]}}],"collection":[{"href":"https:\/\/airsoftspecialisten.admaxstage.com\/en\/wp-json\/wp\/v2\/product"}],"about":[{"href":"https:\/\/airsoftspecialisten.admaxstage.com\/en\/wp-json\/wp\/v2\/types\/product"}],"replies":[{"embeddable":true,"href":"https:\/\/airsoftspecialisten.admaxstage.com\/en\/wp-json\/wp\/v2\/comments?post=950"}],"wp:featuredmedia":[{"embeddable":true,"href":"https:\/\/airsoftspecialisten.admaxstage.com\/en\/wp-json\/wp\/v2\/media\/7621"}],"wp:attachment":[{"href":"https:\/\/airsoftspecialisten.admaxstage.com\/en\/wp-json\/wp\/v2\/media?parent=950"}],"wp:term":[{"taxonomy":"product_brand","embeddable":true,"href":"https:\/\/airsoftspecialisten.admaxstage.com\/en\/wp-json\/wp\/v2\/product_brand?post=950"},{"taxonomy":"product_cat","embeddable":true,"href":"https:\/\/airsoftspecialisten.admaxstage.com\/en\/wp-json\/wp\/v2\/product_cat?post=950"},{"taxonomy":"product_tag","embeddable":true,"href":"https:\/\/airsoftspecialisten.admaxstage.com\/en\/wp-json\/wp\/v2\/product_tag?post=950"}],"curies":[{"name":"wp","href":"https:\/\/api.w.org\/{rel}","templated":true}]}}