{"id":958,"date":"2019-07-03T21:39:29","date_gmt":"2019-07-03T21:39:29","guid":{"rendered":"https:\/\/www.airsoft.admaxstage.com\/?product=emerson-fast-pj-hjalm-med-quick-adjustment-coyote"},"modified":"2025-12-18T20:01:11","modified_gmt":"2025-12-18T19:01:11","slug":"emerson-fast-pj-hjalm-med-quick-adjustment-coyote","status":"publish","type":"product","link":"https:\/\/airsoftspecialisten.admaxstage.com\/en\/shop\/stridsutrustning\/hjalmar-hjalmtillbehor-huvudbonader-stridsutrustning\/emerson-fast-pj-hjalm-med-quick-adjustment-coyote\/","title":{"rendered":"Emerson FAST PJ Helmet with Quick Adjustment - Coyote"},"content":{"rendered":"<p>Emerson FAST PJ helmet in Coyote colour with two side rails designed to hold accessories such as hearing protection and lights.<\/p>\n<p>At the front of the helmet there is also a bracket for attaching the NVG.<\/p>\n<p>On the sides you will find two Velcro fasteners where you can attach patches.<\/p>\n<p>The helmet is adjustable in size and can easily be adjusted between 57-61cm on the slider in the neck.<\/p>","protected":false},"excerpt":{"rendered":"<p>Emerson FAST PJ hj\u00e4lm i f\u00e4rgen Coyote med\u00a0tv\u00e5 sido-rails designade f\u00f6r att h\u00e5lla tillbeh\u00f6r som t.ex. h\u00f6rselskydd och lampor. Fram p\u00e5 hj\u00e4lmen finns det \u00e4ven ett f\u00e4ste f\u00f6r att f\u00e4sta NVG. P\u00e5 sidorna finner du tv\u00e5 kardborref\u00e4sten d\u00e4r man kan f\u00e4sta patches. Hj\u00e4lmen \u00e4r justerbar i storlek och kan enkelt justeras mellan 57-61cm p\u00e5 reglaget [&hellip;]<\/p>","protected":false},"featured_media":7627,"comment_status":"open","ping_status":"closed","template":"","meta":[],"product_brand":[],"product_cat":[1448],"product_tag":[178,122,126,123,124,179],"class_list":{"0":"post-958","1":"product","2":"type-product","3":"status-publish","4":"has-post-thumbnail","6":"product_cat-hjalmar-hjalmtillbehor-huvudbonader-stridsutrustning","7":"product_tag-coyote","8":"product_tag-emerson","9":"product_tag-fast","10":"product_tag-helmet","11":"product_tag-hjalm","12":"product_tag-quick-adjustment","13":"product_shipping_class-1-3-arbetsdagar","15":"first","16":"instock","17":"taxable","18":"shipping-taxable","19":"purchasable","20":"product-type-simple","21":"add-to-wishlist-before_image"},"_links":{"self":[{"href":"https:\/\/airsoftspecialisten.admaxstage.com\/en\/wp-json\/wp\/v2\/product\/958","targetHints":{"allow":["GET"]}}],"collection":[{"href":"https:\/\/airsoftspecialisten.admaxstage.com\/en\/wp-json\/wp\/v2\/product"}],"about":[{"href":"https:\/\/airsoftspecialisten.admaxstage.com\/en\/wp-json\/wp\/v2\/types\/product"}],"replies":[{"embeddable":true,"href":"https:\/\/airsoftspecialisten.admaxstage.com\/en\/wp-json\/wp\/v2\/comments?post=958"}],"wp:featuredmedia":[{"embeddable":true,"href":"https:\/\/airsoftspecialisten.admaxstage.com\/en\/wp-json\/wp\/v2\/media\/7627"}],"wp:attachment":[{"href":"https:\/\/airsoftspecialisten.admaxstage.com\/en\/wp-json\/wp\/v2\/media?parent=958"}],"wp:term":[{"taxonomy":"product_brand","embeddable":true,"href":"https:\/\/airsoftspecialisten.admaxstage.com\/en\/wp-json\/wp\/v2\/product_brand?post=958"},{"taxonomy":"product_cat","embeddable":true,"href":"https:\/\/airsoftspecialisten.admaxstage.com\/en\/wp-json\/wp\/v2\/product_cat?post=958"},{"taxonomy":"product_tag","embeddable":true,"href":"https:\/\/airsoftspecialisten.admaxstage.com\/en\/wp-json\/wp\/v2\/product_tag?post=958"}],"curies":[{"name":"wp","href":"https:\/\/api.w.org\/{rel}","templated":true}]}}